{"id":989072,"date":"2026-03-26T17:31:32","date_gmt":"2026-03-26T20:31:32","guid":{"rendered":"https:\/\/psicologakeila.com.br\/hp\/?page_id=989072"},"modified":"2026-03-26T17:48:28","modified_gmt":"2026-03-26T20:48:28","slug":"minha-agenda","status":"publish","type":"page","link":"https:\/\/psicologakeila.com.br\/hp\/minha-agenda\/","title":{"rendered":"Minha Agenda"},"content":{"rendered":"<div class=\"vgblk-rw-wrapper limit-wrapper\"><div style=\"padding:40px;text-align:center;background:#f8f9fa;border-radius:12px;max-width:500px;margin:40px auto;\">\n            <div style=\"font-size:48px;margin-bottom:20px;\">\ud83d\udd12<\/div>\n            <h3 style=\"color:#2c3e50;margin-bottom:15px;\">Acesso Restrito<\/h3>\n            <p style=\"color:#6c757d;margin-bottom:25px;\">Esta agenda \u00e9 exclusiva para profissionais autorizados.<\/p>\n            <a href=\"https:\/\/psicologakeila.com.br\/hp\/wp-login.php?redirect_to=https%3A%2F%2Fpsicologakeila.com.br%2Fhp%2Fminha-agenda%2F\" style=\"display:inline-block;background:#667eea;color:white;padding:12px 30px;border-radius:30px;text-decoration:none;font-weight:500;\">\ud83d\udd11 Fazer Login<\/a>\n        <\/div><\/div>\n<p><!-- .vgblk-rw-wrapper --><\/p>\n","protected":false},"excerpt":{"rendered":"\ud83d\udd12 Acesso Restrito Esta agenda \u00e9 exclusiva para profissionais autorizados. \ud83d\udd11 Fazer Login","protected":false},"author":1,"featured_media":0,"parent":0,"menu_order":0,"comment_status":"closed","ping_status":"closed","template":"","meta":{"footnotes":""},"class_list":["post-989072","page","type-page","status-publish","hentry"],"yoast_head":"<!-- This site is optimized with the Yoast SEO Premium plugin v22.8 (Yoast SEO v25.2) - https:\/\/yoast.com\/wordpress\/plugins\/seo\/ -->\n<title>Minha Agenda | PSIC\u00d3LOGA KEILA<\/title>\n<meta name=\"robots\" content=\"noindex, follow\" \/>\n<meta property=\"og:locale\" content=\"pt_BR\" \/>\n<meta property=\"og:type\" content=\"article\" \/>\n<meta property=\"og:title\" content=\"Minha Agenda\" \/>\n<meta property=\"og:url\" content=\"https:\/\/psicologakeila.com.br\/hp\/minha-agenda\/\" \/>\n<meta property=\"og:site_name\" content=\"PSIC\u00d3LOGA KEILA\" \/>\n<meta property=\"article:publisher\" content=\"https:\/\/www.facebook.com\/ppsicologakeila\/\" \/>\n<meta property=\"article:modified_time\" content=\"2026-03-26T20:48:28+00:00\" \/>\n<meta name=\"twitter:card\" content=\"summary_large_image\" \/>\n<meta name=\"twitter:label1\" content=\"Est. tempo de leitura\" \/>\n\t<meta name=\"twitter:data1\" content=\"1 minuto\" \/>\n<script type=\"application\/ld+json\" class=\"yoast-schema-graph\">{\"@context\":\"https:\/\/schema.org\",\"@graph\":[{\"@type\":\"WebPage\",\"@id\":\"https:\/\/psicologakeila.com.br\/hp\/minha-agenda\/\",\"url\":\"https:\/\/psicologakeila.com.br\/hp\/minha-agenda\/\",\"name\":\"Minha Agenda | PSIC\u00d3LOGA KEILA\",\"isPartOf\":{\"@id\":\"https:\/\/psicologakeila.com.br\/hp\/#website\"},\"datePublished\":\"2026-03-26T20:31:32+00:00\",\"dateModified\":\"2026-03-26T20:48:28+00:00\",\"breadcrumb\":{\"@id\":\"https:\/\/psicologakeila.com.br\/hp\/minha-agenda\/#breadcrumb\"},\"inLanguage\":\"pt-BR\",\"potentialAction\":[{\"@type\":\"ReadAction\",\"target\":[\"https:\/\/psicologakeila.com.br\/hp\/minha-agenda\/\"]}]},{\"@type\":\"BreadcrumbList\",\"@id\":\"https:\/\/psicologakeila.com.br\/hp\/minha-agenda\/#breadcrumb\",\"itemListElement\":[{\"@type\":\"ListItem\",\"position\":1,\"name\":\"In\u00edcio\",\"item\":\"https:\/\/psicologakeila.com.br\/hp\/\"},{\"@type\":\"ListItem\",\"position\":2,\"name\":\"Minha Agenda\"}]},{\"@type\":\"WebSite\",\"@id\":\"https:\/\/psicologakeila.com.br\/hp\/#website\",\"url\":\"https:\/\/psicologakeila.com.br\/hp\/\",\"name\":\"Psic\u00f3loga Keila\",\"description\":\"Psicologia em S\u00e3o Jos\u00e9 dos Campos e Regi\u00e3o\",\"publisher\":{\"@id\":\"https:\/\/psicologakeila.com.br\/hp\/#organization\"},\"potentialAction\":[{\"@type\":\"SearchAction\",\"target\":{\"@type\":\"EntryPoint\",\"urlTemplate\":\"https:\/\/psicologakeila.com.br\/hp\/?s={search_term_string}\"},\"query-input\":{\"@type\":\"PropertyValueSpecification\",\"valueRequired\":true,\"valueName\":\"search_term_string\"}}],\"inLanguage\":\"pt-BR\"},{\"@type\":\"Organization\",\"@id\":\"https:\/\/psicologakeila.com.br\/hp\/#organization\",\"name\":\"PSIC\u00d3LOGA KEILA\",\"url\":\"https:\/\/psicologakeila.com.br\/hp\/\",\"logo\":{\"@type\":\"ImageObject\",\"inLanguage\":\"pt-BR\",\"@id\":\"https:\/\/psicologakeila.com.br\/hp\/#\/schema\/logo\/image\/\",\"url\":\"https:\/\/psicologakeila.com.br\/hp\/wp-content\/uploads\/2013\/05\/cropped-logo_rev1_23061.png\",\"contentUrl\":\"https:\/\/psicologakeila.com.br\/hp\/wp-content\/uploads\/2013\/05\/cropped-logo_rev1_23061.png\",\"width\":301,\"height\":80,\"caption\":\"PSIC\u00d3LOGA KEILA\"},\"image\":{\"@id\":\"https:\/\/psicologakeila.com.br\/hp\/#\/schema\/logo\/image\/\"},\"sameAs\":[\"https:\/\/www.facebook.com\/ppsicologakeila\/\",\"https:\/\/www.instagram.com\/psicologakeila\/\"]}]}<\/script>\n<!-- \/ Yoast SEO Premium plugin. -->","yoast_head_json":{"title":"Minha Agenda | PSIC\u00d3LOGA KEILA","robots":{"index":"noindex","follow":"follow"},"og_locale":"pt_BR","og_type":"article","og_title":"Minha Agenda","og_url":"https:\/\/psicologakeila.com.br\/hp\/minha-agenda\/","og_site_name":"PSIC\u00d3LOGA KEILA","article_publisher":"https:\/\/www.facebook.com\/ppsicologakeila\/","article_modified_time":"2026-03-26T20:48:28+00:00","twitter_card":"summary_large_image","twitter_misc":{"Est. tempo de leitura":"1 minuto"},"schema":{"@context":"https:\/\/schema.org","@graph":[{"@type":"WebPage","@id":"https:\/\/psicologakeila.com.br\/hp\/minha-agenda\/","url":"https:\/\/psicologakeila.com.br\/hp\/minha-agenda\/","name":"Minha Agenda | PSIC\u00d3LOGA KEILA","isPartOf":{"@id":"https:\/\/psicologakeila.com.br\/hp\/#website"},"datePublished":"2026-03-26T20:31:32+00:00","dateModified":"2026-03-26T20:48:28+00:00","breadcrumb":{"@id":"https:\/\/psicologakeila.com.br\/hp\/minha-agenda\/#breadcrumb"},"inLanguage":"pt-BR","potentialAction":[{"@type":"ReadAction","target":["https:\/\/psicologakeila.com.br\/hp\/minha-agenda\/"]}]},{"@type":"BreadcrumbList","@id":"https:\/\/psicologakeila.com.br\/hp\/minha-agenda\/#breadcrumb","itemListElement":[{"@type":"ListItem","position":1,"name":"In\u00edcio","item":"https:\/\/psicologakeila.com.br\/hp\/"},{"@type":"ListItem","position":2,"name":"Minha Agenda"}]},{"@type":"WebSite","@id":"https:\/\/psicologakeila.com.br\/hp\/#website","url":"https:\/\/psicologakeila.com.br\/hp\/","name":"Psic\u00f3loga Keila","description":"Psicologia em S\u00e3o Jos\u00e9 dos Campos e Regi\u00e3o","publisher":{"@id":"https:\/\/psicologakeila.com.br\/hp\/#organization"},"potentialAction":[{"@type":"SearchAction","target":{"@type":"EntryPoint","urlTemplate":"https:\/\/psicologakeila.com.br\/hp\/?s={search_term_string}"},"query-input":{"@type":"PropertyValueSpecification","valueRequired":true,"valueName":"search_term_string"}}],"inLanguage":"pt-BR"},{"@type":"Organization","@id":"https:\/\/psicologakeila.com.br\/hp\/#organization","name":"PSIC\u00d3LOGA KEILA","url":"https:\/\/psicologakeila.com.br\/hp\/","logo":{"@type":"ImageObject","inLanguage":"pt-BR","@id":"https:\/\/psicologakeila.com.br\/hp\/#\/schema\/logo\/image\/","url":"https:\/\/psicologakeila.com.br\/hp\/wp-content\/uploads\/2013\/05\/cropped-logo_rev1_23061.png","contentUrl":"https:\/\/psicologakeila.com.br\/hp\/wp-content\/uploads\/2013\/05\/cropped-logo_rev1_23061.png","width":301,"height":80,"caption":"PSIC\u00d3LOGA KEILA"},"image":{"@id":"https:\/\/psicologakeila.com.br\/hp\/#\/schema\/logo\/image\/"},"sameAs":["https:\/\/www.facebook.com\/ppsicologakeila\/","https:\/\/www.instagram.com\/psicologakeila\/"]}]}},"_links":{"self":[{"href":"https:\/\/psicologakeila.com.br\/hp\/wp-json\/wp\/v2\/pages\/989072","targetHints":{"allow":["GET"]}}],"collection":[{"href":"https:\/\/psicologakeila.com.br\/hp\/wp-json\/wp\/v2\/pages"}],"about":[{"href":"https:\/\/psicologakeila.com.br\/hp\/wp-json\/wp\/v2\/types\/page"}],"author":[{"embeddable":true,"href":"https:\/\/psicologakeila.com.br\/hp\/wp-json\/wp\/v2\/users\/1"}],"replies":[{"embeddable":true,"href":"https:\/\/psicologakeila.com.br\/hp\/wp-json\/wp\/v2\/comments?post=989072"}],"version-history":[{"count":1,"href":"https:\/\/psicologakeila.com.br\/hp\/wp-json\/wp\/v2\/pages\/989072\/revisions"}],"predecessor-version":[{"id":989073,"href":"https:\/\/psicologakeila.com.br\/hp\/wp-json\/wp\/v2\/pages\/989072\/revisions\/989073"}],"wp:attachment":[{"href":"https:\/\/psicologakeila.com.br\/hp\/wp-json\/wp\/v2\/media?parent=989072"}],"curies":[{"name":"wp","href":"https:\/\/api.w.org\/{rel}","templated":true}]}}