{"id":989042,"date":"2025-12-15T12:24:15","date_gmt":"2025-12-15T15:24:15","guid":{"rendered":"https:\/\/psicologakeila.com.br\/hp\/?page_id=989042"},"modified":"2026-01-05T11:23:27","modified_gmt":"2026-01-05T14:23:27","slug":"resultados-ihs-2","status":"publish","type":"page","link":"https:\/\/psicologakeila.com.br\/hp\/resultados-ihs-2\/","title":{"rendered":"Resultados IHS"},"content":{"rendered":"<div class=\"vgblk-rw-wrapper limit-wrapper\">[ihs_relatorio]<\/div>\n<p><!-- .vgblk-rw-wrapper --><\/p>\n","protected":false},"excerpt":{"rendered":"<p>[ihs_relatorio]<\/p>\n","protected":false},"author":1,"featured_media":0,"parent":0,"menu_order":0,"comment_status":"closed","ping_status":"closed","template":"","meta":{"footnotes":""},"class_list":["post-989042","page","type-page","status-publish","hentry"],"yoast_head":"<!-- This site is optimized with the Yoast SEO Premium plugin v22.8 (Yoast SEO v25.2) - https:\/\/yoast.com\/wordpress\/plugins\/seo\/ -->\n<title>Resultados IHS | PSIC\u00d3LOGA KEILA<\/title>\n<meta name=\"robots\" content=\"noindex, nofollow\" \/>\n<meta property=\"og:locale\" content=\"pt_BR\" \/>\n<meta property=\"og:type\" content=\"article\" \/>\n<meta property=\"og:title\" content=\"Resultados IHS\" \/>\n<meta property=\"og:url\" content=\"https:\/\/psicologakeila.com.br\/hp\/resultados-ihs-2\/\" \/>\n<meta property=\"og:site_name\" content=\"PSIC\u00d3LOGA KEILA\" \/>\n<meta property=\"article:publisher\" content=\"https:\/\/www.facebook.com\/ppsicologakeila\/\" \/>\n<meta property=\"article:modified_time\" content=\"2026-01-05T14:23:27+00:00\" \/>\n<meta name=\"twitter:card\" content=\"summary_large_image\" \/>\n<meta name=\"twitter:label1\" content=\"Est. tempo de leitura\" \/>\n\t<meta name=\"twitter:data1\" content=\"1 minuto\" \/>\n<script type=\"application\/ld+json\" class=\"yoast-schema-graph\">{\"@context\":\"https:\/\/schema.org\",\"@graph\":[{\"@type\":\"WebPage\",\"@id\":\"https:\/\/psicologakeila.com.br\/hp\/resultados-ihs-2\/\",\"url\":\"https:\/\/psicologakeila.com.br\/hp\/resultados-ihs-2\/\",\"name\":\"Resultados IHS | PSIC\u00d3LOGA KEILA\",\"isPartOf\":{\"@id\":\"https:\/\/psicologakeila.com.br\/hp\/#website\"},\"datePublished\":\"2025-12-15T15:24:15+00:00\",\"dateModified\":\"2026-01-05T14:23:27+00:00\",\"breadcrumb\":{\"@id\":\"https:\/\/psicologakeila.com.br\/hp\/resultados-ihs-2\/#breadcrumb\"},\"inLanguage\":\"pt-BR\",\"potentialAction\":[{\"@type\":\"ReadAction\",\"target\":[\"https:\/\/psicologakeila.com.br\/hp\/resultados-ihs-2\/\"]}]},{\"@type\":\"BreadcrumbList\",\"@id\":\"https:\/\/psicologakeila.com.br\/hp\/resultados-ihs-2\/#breadcrumb\",\"itemListElement\":[{\"@type\":\"ListItem\",\"position\":1,\"name\":\"In\u00edcio\",\"item\":\"https:\/\/psicologakeila.com.br\/hp\/\"},{\"@type\":\"ListItem\",\"position\":2,\"name\":\"Resultados IHS\"}]},{\"@type\":\"WebSite\",\"@id\":\"https:\/\/psicologakeila.com.br\/hp\/#website\",\"url\":\"https:\/\/psicologakeila.com.br\/hp\/\",\"name\":\"Psic\u00f3loga Keila\",\"description\":\"Psicologia em S\u00e3o Jos\u00e9 dos Campos e Regi\u00e3o\",\"publisher\":{\"@id\":\"https:\/\/psicologakeila.com.br\/hp\/#organization\"},\"potentialAction\":[{\"@type\":\"SearchAction\",\"target\":{\"@type\":\"EntryPoint\",\"urlTemplate\":\"https:\/\/psicologakeila.com.br\/hp\/?s={search_term_string}\"},\"query-input\":{\"@type\":\"PropertyValueSpecification\",\"valueRequired\":true,\"valueName\":\"search_term_string\"}}],\"inLanguage\":\"pt-BR\"},{\"@type\":\"Organization\",\"@id\":\"https:\/\/psicologakeila.com.br\/hp\/#organization\",\"name\":\"PSIC\u00d3LOGA KEILA\",\"url\":\"https:\/\/psicologakeila.com.br\/hp\/\",\"logo\":{\"@type\":\"ImageObject\",\"inLanguage\":\"pt-BR\",\"@id\":\"https:\/\/psicologakeila.com.br\/hp\/#\/schema\/logo\/image\/\",\"url\":\"https:\/\/psicologakeila.com.br\/hp\/wp-content\/uploads\/2013\/05\/cropped-logo_rev1_23061.png\",\"contentUrl\":\"https:\/\/psicologakeila.com.br\/hp\/wp-content\/uploads\/2013\/05\/cropped-logo_rev1_23061.png\",\"width\":301,\"height\":80,\"caption\":\"PSIC\u00d3LOGA KEILA\"},\"image\":{\"@id\":\"https:\/\/psicologakeila.com.br\/hp\/#\/schema\/logo\/image\/\"},\"sameAs\":[\"https:\/\/www.facebook.com\/ppsicologakeila\/\",\"https:\/\/www.instagram.com\/psicologakeila\/\"]}]}<\/script>\n<!-- \/ Yoast SEO Premium plugin. -->","yoast_head_json":{"title":"Resultados IHS | PSIC\u00d3LOGA KEILA","robots":{"index":"noindex","follow":"nofollow"},"og_locale":"pt_BR","og_type":"article","og_title":"Resultados IHS","og_url":"https:\/\/psicologakeila.com.br\/hp\/resultados-ihs-2\/","og_site_name":"PSIC\u00d3LOGA KEILA","article_publisher":"https:\/\/www.facebook.com\/ppsicologakeila\/","article_modified_time":"2026-01-05T14:23:27+00:00","twitter_card":"summary_large_image","twitter_misc":{"Est. tempo de leitura":"1 minuto"},"schema":{"@context":"https:\/\/schema.org","@graph":[{"@type":"WebPage","@id":"https:\/\/psicologakeila.com.br\/hp\/resultados-ihs-2\/","url":"https:\/\/psicologakeila.com.br\/hp\/resultados-ihs-2\/","name":"Resultados IHS | PSIC\u00d3LOGA KEILA","isPartOf":{"@id":"https:\/\/psicologakeila.com.br\/hp\/#website"},"datePublished":"2025-12-15T15:24:15+00:00","dateModified":"2026-01-05T14:23:27+00:00","breadcrumb":{"@id":"https:\/\/psicologakeila.com.br\/hp\/resultados-ihs-2\/#breadcrumb"},"inLanguage":"pt-BR","potentialAction":[{"@type":"ReadAction","target":["https:\/\/psicologakeila.com.br\/hp\/resultados-ihs-2\/"]}]},{"@type":"BreadcrumbList","@id":"https:\/\/psicologakeila.com.br\/hp\/resultados-ihs-2\/#breadcrumb","itemListElement":[{"@type":"ListItem","position":1,"name":"In\u00edcio","item":"https:\/\/psicologakeila.com.br\/hp\/"},{"@type":"ListItem","position":2,"name":"Resultados IHS"}]},{"@type":"WebSite","@id":"https:\/\/psicologakeila.com.br\/hp\/#website","url":"https:\/\/psicologakeila.com.br\/hp\/","name":"Psic\u00f3loga Keila","description":"Psicologia em S\u00e3o Jos\u00e9 dos Campos e Regi\u00e3o","publisher":{"@id":"https:\/\/psicologakeila.com.br\/hp\/#organization"},"potentialAction":[{"@type":"SearchAction","target":{"@type":"EntryPoint","urlTemplate":"https:\/\/psicologakeila.com.br\/hp\/?s={search_term_string}"},"query-input":{"@type":"PropertyValueSpecification","valueRequired":true,"valueName":"search_term_string"}}],"inLanguage":"pt-BR"},{"@type":"Organization","@id":"https:\/\/psicologakeila.com.br\/hp\/#organization","name":"PSIC\u00d3LOGA KEILA","url":"https:\/\/psicologakeila.com.br\/hp\/","logo":{"@type":"ImageObject","inLanguage":"pt-BR","@id":"https:\/\/psicologakeila.com.br\/hp\/#\/schema\/logo\/image\/","url":"https:\/\/psicologakeila.com.br\/hp\/wp-content\/uploads\/2013\/05\/cropped-logo_rev1_23061.png","contentUrl":"https:\/\/psicologakeila.com.br\/hp\/wp-content\/uploads\/2013\/05\/cropped-logo_rev1_23061.png","width":301,"height":80,"caption":"PSIC\u00d3LOGA KEILA"},"image":{"@id":"https:\/\/psicologakeila.com.br\/hp\/#\/schema\/logo\/image\/"},"sameAs":["https:\/\/www.facebook.com\/ppsicologakeila\/","https:\/\/www.instagram.com\/psicologakeila\/"]}]}},"_links":{"self":[{"href":"https:\/\/psicologakeila.com.br\/hp\/wp-json\/wp\/v2\/pages\/989042","targetHints":{"allow":["GET"]}}],"collection":[{"href":"https:\/\/psicologakeila.com.br\/hp\/wp-json\/wp\/v2\/pages"}],"about":[{"href":"https:\/\/psicologakeila.com.br\/hp\/wp-json\/wp\/v2\/types\/page"}],"author":[{"embeddable":true,"href":"https:\/\/psicologakeila.com.br\/hp\/wp-json\/wp\/v2\/users\/1"}],"replies":[{"embeddable":true,"href":"https:\/\/psicologakeila.com.br\/hp\/wp-json\/wp\/v2\/comments?post=989042"}],"version-history":[{"count":1,"href":"https:\/\/psicologakeila.com.br\/hp\/wp-json\/wp\/v2\/pages\/989042\/revisions"}],"predecessor-version":[{"id":989043,"href":"https:\/\/psicologakeila.com.br\/hp\/wp-json\/wp\/v2\/pages\/989042\/revisions\/989043"}],"wp:attachment":[{"href":"https:\/\/psicologakeila.com.br\/hp\/wp-json\/wp\/v2\/media?parent=989042"}],"curies":[{"name":"wp","href":"https:\/\/api.w.org\/{rel}","templated":true}]}}