{"id":988489,"date":"2025-07-11T14:28:01","date_gmt":"2025-07-11T17:28:01","guid":{"rendered":"https:\/\/psicologakeila.com.br\/hp\/clients\/"},"modified":"2025-07-11T14:28:01","modified_gmt":"2025-07-11T17:28:01","slug":"clients","status":"publish","type":"page","link":"https:\/\/psicologakeila.com.br\/hp\/clients\/","title":{"rendered":"Portal do cliente"},"content":{"rendered":"<div class=\"vgblk-rw-wrapper limit-wrapper\"><div id=\"zbs-main\" class=\"alignwide zbs-site-main\">\n\t<div class=\"zbs-client-portal-wrap main site-main zbs-post zbs-hentry\">\n\n\t\t\t\t<div class=\"container zbs-portal-login\" style=\"margin-top:20px;text-align:center;\">\n\t\t\t<h2>Boas-vindas ao seu portal do cliente<\/h2> \n\t\t\t<p>Acesse seu \u201cPortal do cliente\u201d para poder visualizar seus documentos<\/p>\n\t\t\t<div class=\"login-form\">\n\t\t\t\t<form name=\"loginform\" id=\"loginform\" action=\"https:\/\/psicologakeila.com.br\/hp\/wp-login.php\" method=\"post\"><p class=\"login-username\">\n\t\t\t\t<label for=\"user_login\">Endere\u00e7o de e-mail<\/label>\n\t\t\t\t<input type=\"text\" name=\"log\" id=\"user_login\" autocomplete=\"username\" class=\"input\" value=\"\" size=\"20\" \/>\n\t\t\t<\/p><p class=\"login-password\">\n\t\t\t\t<label for=\"user_pass\">Senha<\/label>\n\t\t\t\t<input type=\"password\" name=\"pwd\" id=\"user_pass\" autocomplete=\"current-password\" spellcheck=\"false\" class=\"input\" value=\"\" size=\"20\" \/>\n\t\t\t<\/p><p class=\"login-remember\"><label><input name=\"rememberme\" type=\"checkbox\" id=\"rememberme\" value=\"forever\" \/> Manter conex\u00e3o<\/label><\/p><p class=\"login-submit\">\n\t\t\t\t<input type=\"submit\" name=\"wp-submit\" id=\"wp-submit\" class=\"button button-primary\" value=\"Acessar\" \/>\n\t\t\t\t<input type=\"hidden\" name=\"redirect_to\" value=\"https:\/\/psicologakeila.com.br\/hp\/clients\/\" \/>\n\t\t\t<\/p><input type=\"hidden\" name=\"fromzbslogin\" value=\"1\" \/><\/form>\t\t\t\t<a href=\"https:\/\/psicologakeila.com.br\/hp\/wp-login.php?action=lostpassword&#038;redirect_to=https%3A%2F%2Fpsicologakeila.com.br%2Fhp%2Fclients%2F\" alt=\"Senha perdida\">Senha perdida<\/a>\n\t\t\t<\/div>\n\t\t<\/div>\n\t\t\t<\/div>\n<\/div>\n<\/div>\n<p><!-- .vgblk-rw-wrapper --><\/p>\n","protected":false},"excerpt":{"rendered":"","protected":false},"author":1,"featured_media":0,"parent":0,"menu_order":0,"comment_status":"closed","ping_status":"closed","template":"","meta":{"footnotes":""},"class_list":["post-988489","page","type-page","status-publish","hentry"],"yoast_head":"<!-- This site is optimized with the Yoast SEO Premium plugin v22.8 (Yoast SEO v25.2) - https:\/\/yoast.com\/wordpress\/plugins\/seo\/ -->\n<title>Portal do cliente | PSIC\u00d3LOGA KEILA<\/title>\n<meta name=\"robots\" content=\"index, follow, max-snippet:-1, max-image-preview:large, max-video-preview:-1\" \/>\n<link rel=\"canonical\" href=\"https:\/\/psicologakeila.com.br\/hp\/clients\/\" \/>\n<meta property=\"og:locale\" content=\"pt_BR\" \/>\n<meta property=\"og:type\" content=\"article\" \/>\n<meta property=\"og:title\" content=\"Portal do cliente\" \/>\n<meta property=\"og:url\" content=\"https:\/\/psicologakeila.com.br\/hp\/clients\/\" \/>\n<meta property=\"og:site_name\" content=\"PSIC\u00d3LOGA KEILA\" \/>\n<meta property=\"article:publisher\" content=\"https:\/\/www.facebook.com\/ppsicologakeila\/\" \/>\n<meta name=\"twitter:card\" content=\"summary_large_image\" \/>\n<script type=\"application\/ld+json\" class=\"yoast-schema-graph\">{\"@context\":\"https:\/\/schema.org\",\"@graph\":[{\"@type\":\"WebPage\",\"@id\":\"https:\/\/psicologakeila.com.br\/hp\/clients\/\",\"url\":\"https:\/\/psicologakeila.com.br\/hp\/clients\/\",\"name\":\"Portal do cliente | PSIC\u00d3LOGA KEILA\",\"isPartOf\":{\"@id\":\"https:\/\/psicologakeila.com.br\/hp\/#website\"},\"datePublished\":\"2025-07-11T17:28:01+00:00\",\"breadcrumb\":{\"@id\":\"https:\/\/psicologakeila.com.br\/hp\/clients\/#breadcrumb\"},\"inLanguage\":\"pt-BR\",\"potentialAction\":[{\"@type\":\"ReadAction\",\"target\":[\"https:\/\/psicologakeila.com.br\/hp\/clients\/\"]}]},{\"@type\":\"BreadcrumbList\",\"@id\":\"https:\/\/psicologakeila.com.br\/hp\/clients\/#breadcrumb\",\"itemListElement\":[{\"@type\":\"ListItem\",\"position\":1,\"name\":\"In\u00edcio\",\"item\":\"https:\/\/psicologakeila.com.br\/hp\/\"},{\"@type\":\"ListItem\",\"position\":2,\"name\":\"Portal do cliente\"}]},{\"@type\":\"WebSite\",\"@id\":\"https:\/\/psicologakeila.com.br\/hp\/#website\",\"url\":\"https:\/\/psicologakeila.com.br\/hp\/\",\"name\":\"Psic\u00f3loga Keila\",\"description\":\"Psicologia em S\u00e3o Jos\u00e9 dos Campos e Regi\u00e3o\",\"publisher\":{\"@id\":\"https:\/\/psicologakeila.com.br\/hp\/#organization\"},\"potentialAction\":[{\"@type\":\"SearchAction\",\"target\":{\"@type\":\"EntryPoint\",\"urlTemplate\":\"https:\/\/psicologakeila.com.br\/hp\/?s={search_term_string}\"},\"query-input\":{\"@type\":\"PropertyValueSpecification\",\"valueRequired\":true,\"valueName\":\"search_term_string\"}}],\"inLanguage\":\"pt-BR\"},{\"@type\":\"Organization\",\"@id\":\"https:\/\/psicologakeila.com.br\/hp\/#organization\",\"name\":\"PSIC\u00d3LOGA KEILA\",\"url\":\"https:\/\/psicologakeila.com.br\/hp\/\",\"logo\":{\"@type\":\"ImageObject\",\"inLanguage\":\"pt-BR\",\"@id\":\"https:\/\/psicologakeila.com.br\/hp\/#\/schema\/logo\/image\/\",\"url\":\"https:\/\/psicologakeila.com.br\/hp\/wp-content\/uploads\/2013\/05\/cropped-logo_rev1_23061.png\",\"contentUrl\":\"https:\/\/psicologakeila.com.br\/hp\/wp-content\/uploads\/2013\/05\/cropped-logo_rev1_23061.png\",\"width\":301,\"height\":80,\"caption\":\"PSIC\u00d3LOGA KEILA\"},\"image\":{\"@id\":\"https:\/\/psicologakeila.com.br\/hp\/#\/schema\/logo\/image\/\"},\"sameAs\":[\"https:\/\/www.facebook.com\/ppsicologakeila\/\",\"https:\/\/www.instagram.com\/psicologakeila\/\"]}]}<\/script>\n<!-- \/ Yoast SEO Premium plugin. -->","yoast_head_json":{"title":"Portal do cliente | PSIC\u00d3LOGA KEILA","robots":{"index":"index","follow":"follow","max-snippet":"max-snippet:-1","max-image-preview":"max-image-preview:large","max-video-preview":"max-video-preview:-1"},"canonical":"https:\/\/psicologakeila.com.br\/hp\/clients\/","og_locale":"pt_BR","og_type":"article","og_title":"Portal do cliente","og_url":"https:\/\/psicologakeila.com.br\/hp\/clients\/","og_site_name":"PSIC\u00d3LOGA KEILA","article_publisher":"https:\/\/www.facebook.com\/ppsicologakeila\/","twitter_card":"summary_large_image","schema":{"@context":"https:\/\/schema.org","@graph":[{"@type":"WebPage","@id":"https:\/\/psicologakeila.com.br\/hp\/clients\/","url":"https:\/\/psicologakeila.com.br\/hp\/clients\/","name":"Portal do cliente | PSIC\u00d3LOGA KEILA","isPartOf":{"@id":"https:\/\/psicologakeila.com.br\/hp\/#website"},"datePublished":"2025-07-11T17:28:01+00:00","breadcrumb":{"@id":"https:\/\/psicologakeila.com.br\/hp\/clients\/#breadcrumb"},"inLanguage":"pt-BR","potentialAction":[{"@type":"ReadAction","target":["https:\/\/psicologakeila.com.br\/hp\/clients\/"]}]},{"@type":"BreadcrumbList","@id":"https:\/\/psicologakeila.com.br\/hp\/clients\/#breadcrumb","itemListElement":[{"@type":"ListItem","position":1,"name":"In\u00edcio","item":"https:\/\/psicologakeila.com.br\/hp\/"},{"@type":"ListItem","position":2,"name":"Portal do cliente"}]},{"@type":"WebSite","@id":"https:\/\/psicologakeila.com.br\/hp\/#website","url":"https:\/\/psicologakeila.com.br\/hp\/","name":"Psic\u00f3loga Keila","description":"Psicologia em S\u00e3o Jos\u00e9 dos Campos e Regi\u00e3o","publisher":{"@id":"https:\/\/psicologakeila.com.br\/hp\/#organization"},"potentialAction":[{"@type":"SearchAction","target":{"@type":"EntryPoint","urlTemplate":"https:\/\/psicologakeila.com.br\/hp\/?s={search_term_string}"},"query-input":{"@type":"PropertyValueSpecification","valueRequired":true,"valueName":"search_term_string"}}],"inLanguage":"pt-BR"},{"@type":"Organization","@id":"https:\/\/psicologakeila.com.br\/hp\/#organization","name":"PSIC\u00d3LOGA KEILA","url":"https:\/\/psicologakeila.com.br\/hp\/","logo":{"@type":"ImageObject","inLanguage":"pt-BR","@id":"https:\/\/psicologakeila.com.br\/hp\/#\/schema\/logo\/image\/","url":"https:\/\/psicologakeila.com.br\/hp\/wp-content\/uploads\/2013\/05\/cropped-logo_rev1_23061.png","contentUrl":"https:\/\/psicologakeila.com.br\/hp\/wp-content\/uploads\/2013\/05\/cropped-logo_rev1_23061.png","width":301,"height":80,"caption":"PSIC\u00d3LOGA KEILA"},"image":{"@id":"https:\/\/psicologakeila.com.br\/hp\/#\/schema\/logo\/image\/"},"sameAs":["https:\/\/www.facebook.com\/ppsicologakeila\/","https:\/\/www.instagram.com\/psicologakeila\/"]}]}},"_links":{"self":[{"href":"https:\/\/psicologakeila.com.br\/hp\/wp-json\/wp\/v2\/pages\/988489","targetHints":{"allow":["GET"]}}],"collection":[{"href":"https:\/\/psicologakeila.com.br\/hp\/wp-json\/wp\/v2\/pages"}],"about":[{"href":"https:\/\/psicologakeila.com.br\/hp\/wp-json\/wp\/v2\/types\/page"}],"author":[{"embeddable":true,"href":"https:\/\/psicologakeila.com.br\/hp\/wp-json\/wp\/v2\/users\/1"}],"replies":[{"embeddable":true,"href":"https:\/\/psicologakeila.com.br\/hp\/wp-json\/wp\/v2\/comments?post=988489"}],"version-history":[{"count":0,"href":"https:\/\/psicologakeila.com.br\/hp\/wp-json\/wp\/v2\/pages\/988489\/revisions"}],"wp:attachment":[{"href":"https:\/\/psicologakeila.com.br\/hp\/wp-json\/wp\/v2\/media?parent=988489"}],"curies":[{"name":"wp","href":"https:\/\/api.w.org\/{rel}","templated":true}]}}