{"id":1494,"date":"2020-03-26T19:27:09","date_gmt":"2020-03-26T19:27:09","guid":{"rendered":"https:\/\/salute.vamtam.com\/?page_id=1494"},"modified":"2020-03-26T19:27:09","modified_gmt":"2020-03-26T19:27:09","slug":"sitemap","status":"publish","type":"page","link":"https:\/\/psicologakeila.com.br\/hp\/sitemap\/","title":{"rendered":"Sitemap"},"content":{"rendered":"\t\t<div data-elementor-type=\"wp-page\" data-elementor-id=\"1494\" class=\"elementor elementor-1494\" data-elementor-post-type=\"page\">\n\t\t\t\t\t\t<section data-particle_enable=\"false\" data-particle-mobile-disabled=\"false\" class=\"elementor-section elementor-top-section elementor-element elementor-element-66b8488 elementor-section-height-min-height elementor-section-items-stretch elementor-section-boxed elementor-section-height-default\" data-id=\"66b8488\" data-element_type=\"section\" data-e-type=\"section\" data-settings=\"{&quot;jet_parallax_layout_list&quot;:[]}\">\n\t\t\t\t\t\t<div class=\"elementor-container elementor-column-gap-default\">\n\t\t\t\t\t<div class=\"elementor-column elementor-col-100 elementor-top-column elementor-element elementor-element-106d64e\" data-id=\"106d64e\" data-element_type=\"column\" data-e-type=\"column\" data-settings=\"{&quot;background_background&quot;:&quot;classic&quot;}\">\n\t\t\t<div class=\"elementor-widget-wrap elementor-element-populated\">\n\t\t\t\t\t\t<section data-particle_enable=\"false\" data-particle-mobile-disabled=\"false\" class=\"elementor-section elementor-inner-section elementor-element elementor-element-6948623 elementor-section-boxed elementor-section-height-default elementor-section-height-default\" data-id=\"6948623\" data-element_type=\"section\" data-e-type=\"section\" data-settings=\"{&quot;jet_parallax_layout_list&quot;:[]}\">\n\t\t\t\t\t\t<div class=\"elementor-container elementor-column-gap-default\">\n\t\t\t\t\t<div class=\"elementor-column elementor-col-50 elementor-inner-column elementor-element elementor-element-b585839\" data-id=\"b585839\" data-element_type=\"column\" data-e-type=\"column\">\n\t\t\t<div class=\"elementor-widget-wrap elementor-element-populated\">\n\t\t\t\t\t\t<div class=\"elementor-element elementor-element-d4d1481 elementor-widget-mobile__width-auto elementor-widget elementor-widget-heading\" data-id=\"d4d1481\" data-element_type=\"widget\" data-e-type=\"widget\" data-widget_type=\"heading.default\">\n\t\t\t\t<div class=\"elementor-widget-container\">\n\t\t\t\t\t<h5 class=\"elementor-heading-title elementor-size-default\">Salute<\/h5>\t\t\t\t<\/div>\n\t\t\t\t<\/div>\n\t\t\t\t\t<\/div>\n\t\t<\/div>\n\t\t\t\t<div class=\"elementor-column elementor-col-50 elementor-inner-column elementor-element elementor-element-b6b529a elementor-hidden-desktop elementor-hidden-tablet\" data-id=\"b6b529a\" data-element_type=\"column\" data-e-type=\"column\">\n\t\t\t<div class=\"elementor-widget-wrap elementor-element-populated\">\n\t\t\t\t\t\t<div class=\"elementor-element elementor-element-054ac8c elementor-widget__width-auto elementor-view-default elementor-widget elementor-widget-icon\" data-id=\"054ac8c\" data-element_type=\"widget\" data-e-type=\"widget\" data-widget_type=\"icon.default\">\n\t\t\t\t<div class=\"elementor-widget-container\">\n\t\t\t\t\t\t\t<div class=\"elementor-icon-wrapper\">\n\t\t\t<div class=\"elementor-icon\">\n\t\t\t<i aria-hidden=\"true\" class=\"vamtamtheme- vamtam-theme-emergency-phone\"><\/i>\t\t\t<\/div>\n\t\t<\/div>\n\t\t\t\t\t\t<\/div>\n\t\t\t\t<\/div>\n\t\t\t\t<div class=\"elementor-element elementor-element-f9770c9 elementor-widget__width-auto elementor-widget elementor-widget-heading\" data-id=\"f9770c9\" data-element_type=\"widget\" data-e-type=\"widget\" data-widget_type=\"heading.default\">\n\t\t\t\t<div class=\"elementor-widget-container\">\n\t\t\t\t\t<h5 class=\"elementor-heading-title elementor-size-default\"><a href=\"tel:+%201%20541-754-3010\">+ 1 541-754-3010<\/a><\/h5>\t\t\t\t<\/div>\n\t\t\t\t<\/div>\n\t\t\t\t\t<\/div>\n\t\t<\/div>\n\t\t\t\t\t<\/div>\n\t\t<\/section>\n\t\t\t\t<section data-particle_enable=\"false\" data-particle-mobile-disabled=\"false\" class=\"elementor-section elementor-inner-section elementor-element elementor-element-430fa97 elementor-section-boxed elementor-section-height-default elementor-section-height-default\" data-id=\"430fa97\" data-element_type=\"section\" data-e-type=\"section\" data-settings=\"{&quot;jet_parallax_layout_list&quot;:[]}\">\n\t\t\t\t\t\t<div class=\"elementor-container elementor-column-gap-default\">\n\t\t\t\t\t<div class=\"elementor-column elementor-col-100 elementor-inner-column elementor-element elementor-element-e4c133c\" data-id=\"e4c133c\" data-element_type=\"column\" data-e-type=\"column\">\n\t\t\t<div class=\"elementor-widget-wrap elementor-element-populated\">\n\t\t\t\t\t\t<div class=\"elementor-element elementor-element-bc541b7 elementor-widget elementor-widget-heading\" data-id=\"bc541b7\" data-element_type=\"widget\" data-e-type=\"widget\" data-widget_type=\"heading.default\">\n\t\t\t\t<div class=\"elementor-widget-container\">\n\t\t\t\t\t<h1 class=\"elementor-heading-title elementor-size-default\">Sitemap<\/h1>\t\t\t\t<\/div>\n\t\t\t\t<\/div>\n\t\t\t\t\t<\/div>\n\t\t<\/div>\n\t\t\t\t\t<\/div>\n\t\t<\/section>\n\t\t\t\t\t<\/div>\n\t\t<\/div>\n\t\t\t\t\t<\/div>\n\t\t<\/section>\n\t\t\t\t<section data-particle_enable=\"false\" data-particle-mobile-disabled=\"false\" class=\"elementor-section elementor-top-section elementor-element elementor-element-5350a44 elementor-section-height-min-height elementor-section-items-stretch elementor-section-boxed elementor-section-height-default\" data-id=\"5350a44\" data-element_type=\"section\" data-e-type=\"section\" data-settings=\"{&quot;jet_parallax_layout_list&quot;:[]}\">\n\t\t\t\t\t\t<div class=\"elementor-container elementor-column-gap-default\">\n\t\t\t\t\t<div class=\"elementor-column elementor-col-100 elementor-top-column elementor-element elementor-element-ff09761\" data-id=\"ff09761\" data-element_type=\"column\" data-e-type=\"column\" data-settings=\"{&quot;background_background&quot;:&quot;classic&quot;}\">\n\t\t\t<div class=\"elementor-widget-wrap elementor-element-populated\">\n\t\t\t\t\t\t<section data-particle_enable=\"false\" data-particle-mobile-disabled=\"false\" class=\"elementor-section elementor-inner-section elementor-element elementor-element-037c9d5 elementor-section-boxed elementor-section-height-default elementor-section-height-default\" data-id=\"037c9d5\" data-element_type=\"section\" data-e-type=\"section\" data-settings=\"{&quot;jet_parallax_layout_list&quot;:[]}\">\n\t\t\t\t\t\t<div class=\"elementor-container elementor-column-gap-default\">\n\t\t\t\t\t<div class=\"elementor-column elementor-col-50 elementor-inner-column elementor-element elementor-element-ba90228\" data-id=\"ba90228\" data-element_type=\"column\" data-e-type=\"column\">\n\t\t\t<div class=\"elementor-widget-wrap elementor-element-populated\">\n\t\t\t\t\t\t<div class=\"elementor-element elementor-element-0f810b6 elementor-align-left elementor-mobile-align-left elementor-widget-mobile__width-auto elementor-widget elementor-widget-button\" data-id=\"0f810b6\" data-element_type=\"widget\" data-e-type=\"widget\" data-widget_type=\"button.default\">\n\t\t\t\t<div class=\"elementor-widget-container\">\n\t\t\t\t\t\t\t\t\t<div class=\"elementor-button-wrapper\">\n\t\t\t\t\t<a class=\"elementor-button elementor-button-link elementor-size-sm\" href=\"\/book-an-appointment\">\n\t\t\t\t\t\t<span class=\"elementor-button-content-wrapper\">\n\t\t\t\t\t\t\t\t\t<span class=\"elementor-button-text\">Request Appointment &gt;<\/span>\n\t\t\t\t\t<\/span>\n\t\t\t\t\t<\/a>\n\t\t\t\t<\/div>\n\t\t\t\t\t\t\t\t<\/div>\n\t\t\t\t<\/div>\n\t\t\t\t\t<\/div>\n\t\t<\/div>\n\t\t\t\t<div class=\"elementor-column elementor-col-50 elementor-inner-column elementor-element elementor-element-307fd70 elementor-hidden-phone\" data-id=\"307fd70\" data-element_type=\"column\" data-e-type=\"column\">\n\t\t\t<div class=\"elementor-widget-wrap elementor-element-populated\">\n\t\t\t\t\t\t<div class=\"elementor-element elementor-element-2976102 elementor-widget__width-auto elementor-view-default elementor-widget elementor-widget-icon\" data-id=\"2976102\" data-element_type=\"widget\" data-e-type=\"widget\" data-widget_type=\"icon.default\">\n\t\t\t\t<div class=\"elementor-widget-container\">\n\t\t\t\t\t\t\t<div class=\"elementor-icon-wrapper\">\n\t\t\t<div class=\"elementor-icon\">\n\t\t\t<i aria-hidden=\"true\" class=\"vamtamtheme- vamtam-theme-emergency-phone\"><\/i>\t\t\t<\/div>\n\t\t<\/div>\n\t\t\t\t\t\t<\/div>\n\t\t\t\t<\/div>\n\t\t\t\t<div class=\"elementor-element elementor-element-0d8bd42 elementor-widget__width-auto elementor-widget elementor-widget-heading\" data-id=\"0d8bd42\" data-element_type=\"widget\" data-e-type=\"widget\" data-widget_type=\"heading.default\">\n\t\t\t\t<div class=\"elementor-widget-container\">\n\t\t\t\t\t<h5 class=\"elementor-heading-title elementor-size-default\"><a href=\"tel:+%201%20541-754-3010\">+ 1 541-754-3010<\/a><\/h5>\t\t\t\t<\/div>\n\t\t\t\t<\/div>\n\t\t\t\t\t<\/div>\n\t\t<\/div>\n\t\t\t\t\t<\/div>\n\t\t<\/section>\n\t\t\t\t\t<\/div>\n\t\t<\/div>\n\t\t\t\t\t<\/div>\n\t\t<\/section>\n\t\t\t\t<section data-particle_enable=\"false\" data-particle-mobile-disabled=\"false\" class=\"elementor-section elementor-top-section elementor-element elementor-element-9f23820 elementor-section-boxed elementor-section-height-default elementor-section-height-default\" data-id=\"9f23820\" data-element_type=\"section\" data-e-type=\"section\" data-settings=\"{&quot;jet_parallax_layout_list&quot;:[]}\">\n\t\t\t\t\t\t<div class=\"elementor-container elementor-column-gap-default\">\n\t\t\t\t\t<div class=\"elementor-column elementor-col-100 elementor-top-column elementor-element elementor-element-81e87c5\" data-id=\"81e87c5\" data-element_type=\"column\" data-e-type=\"column\">\n\t\t\t<div class=\"elementor-widget-wrap elementor-element-populated\">\n\t\t\t\t\t\t<div class=\"elementor-element elementor-element-becdd67 elementor-widget elementor-widget-sitemap\" data-id=\"becdd67\" data-element_type=\"widget\" data-e-type=\"widget\" data-widget_type=\"sitemap.default\">\n\t\t\t\t<div class=\"elementor-widget-container\">\n\t\t\t\t\t<div class=\"elementor-sitemap-wrap\"><div class=\"elementor-sitemap-section\"><h1 class=\"elementor-sitemap-title elementor-sitemap-page-title\">Pages<\/h1><ul class=\"elementor-sitemap-list elementor-sitemap-page-list\"><li class=\"elementor-sitemap-item elementor-sitemap-item-page page_item page-item-523\"><a href=\"https:\/\/psicologakeila.com.br\/hp\/contact-location\/\">Contato e Localiza\u00e7\u00e3o<\/a><\/li><li class=\"elementor-sitemap-item elementor-sitemap-item-page page_item page-item-525\"><a href=\"https:\/\/psicologakeila.com.br\/hp\/blog\/\">Blog<\/a><\/li><li class=\"elementor-sitemap-item elementor-sitemap-item-page page_item page-item-1160\"><a href=\"https:\/\/psicologakeila.com.br\/hp\/sobrepsicologakeila\/\">Sobre &#8211; Psic\u00f3loga Keila<\/a><\/li><li class=\"elementor-sitemap-item elementor-sitemap-item-page page_item page-item-1494\"><a href=\"https:\/\/psicologakeila.com.br\/hp\/sitemap\/\">Sitemap<\/a><\/li><li class=\"elementor-sitemap-item elementor-sitemap-item-page page_item page-item-9559\"><a href=\"https:\/\/psicologakeila.com.br\/hp\/\">Inicio &#8211; Psic\u00f3loga Keila<\/a><\/li><li class=\"elementor-sitemap-item elementor-sitemap-item-page page_item page-item-988489\"><a href=\"https:\/\/psicologakeila.com.br\/hp\/clients\/\">Portal do cliente<\/a><\/li><li class=\"elementor-sitemap-item elementor-sitemap-item-page page_item page-item-989040\"><a href=\"https:\/\/psicologakeila.com.br\/hp\/inventario-ihs\/\">Invent\u00e1rio de Habilidades Sociais<\/a><\/li><li class=\"elementor-sitemap-item elementor-sitemap-item-page page_item page-item-989041\"><a href=\"https:\/\/psicologakeila.com.br\/hp\/resultados-ihs\/\">Resultados IHS<\/a><\/li><li class=\"elementor-sitemap-item elementor-sitemap-item-page page_item page-item-989042\"><a href=\"https:\/\/psicologakeila.com.br\/hp\/resultados-ihs-2\/\">Resultados IHS<\/a><\/li><li class=\"elementor-sitemap-item elementor-sitemap-item-page page_item page-item-989072\"><a href=\"https:\/\/psicologakeila.com.br\/hp\/minha-agenda\/\">Minha Agenda<\/a><\/li><\/ul><\/div><div class=\"elementor-sitemap-section\"><h1 class=\"elementor-sitemap-title elementor-sitemap-post-title\">Posts<\/h1><ul class=\"elementor-sitemap-list elementor-sitemap-post-list\"><li class=\"elementor-sitemap-item elementor-sitemap-item-post page_item page-item-988755\"><a href=\"https:\/\/psicologakeila.com.br\/hp\/2025\/07\/21\/quando-procurar-psicoterapia-infantil\/\">Quando procurar Psicoterapia Infantil<\/a><\/li><li class=\"elementor-sitemap-item elementor-sitemap-item-post page_item page-item-6194\"><a href=\"https:\/\/psicologakeila.com.br\/hp\/2023\/09\/24\/plantao-psicologico\/\">Plant\u00e3o Psicol\u00f3gico<\/a><\/li><li class=\"elementor-sitemap-item elementor-sitemap-item-post page_item page-item-5967\"><a href=\"https:\/\/psicologakeila.com.br\/hp\/2025\/07\/17\/depressao\/\">Depress\u00e3o<\/a><\/li><li class=\"elementor-sitemap-item elementor-sitemap-item-post page_item page-item-989001\"><a href=\"https:\/\/psicologakeila.com.br\/hp\/2025\/09\/08\/semaforo-das-emocoes\/\">Sem\u00e1foro das Emo\u00e7\u00f5es<\/a><\/li><li class=\"elementor-sitemap-item elementor-sitemap-item-post page_item page-item-988575\"><a href=\"https:\/\/psicologakeila.com.br\/hp\/2025\/07\/15\/tratamento-psicoterapeutico-infantil-na-tcc\/\">Tratamento Psicoterap\u00eautico infantil na TCC<\/a><\/li><li class=\"elementor-sitemap-item elementor-sitemap-item-post page_item page-item-6352\"><a href=\"https:\/\/psicologakeila.com.br\/hp\/2024\/08\/13\/separacao-e-como-ficam-as-criancas\/\">Separa\u00e7\u00e3o: E como ficam as crian\u00e7as.<\/a><\/li><li class=\"elementor-sitemap-item elementor-sitemap-item-post page_item page-item-988675\"><a href=\"https:\/\/psicologakeila.com.br\/hp\/2025\/07\/16\/por-que-buscar-acompanhamento-psicologico\/\">Por que buscar acompanhamento psicol\u00f3gico?<\/a><\/li><li class=\"elementor-sitemap-item elementor-sitemap-item-post page_item page-item-62\"><a href=\"https:\/\/psicologakeila.com.br\/hp\/2025\/01\/11\/estresse-2\/\">Compreendendo o Estresse<\/a><\/li><li class=\"elementor-sitemap-item elementor-sitemap-item-post page_item page-item-360\"><a href=\"https:\/\/psicologakeila.com.br\/hp\/2024\/12\/21\/estresse-em-criancas-na-relacao-pais-filhos-apos-a-separacao-conjugal\/\">Estresse em Crian\u00e7as na rela\u00e7\u00e3o pais-filhos ap\u00f3s a Separa\u00e7\u00e3o Conjugal<\/a><\/li><li class=\"elementor-sitemap-item elementor-sitemap-item-post page_item page-item-988419\"><a href=\"https:\/\/psicologakeila.com.br\/hp\/2023\/08\/26\/e-quando-chega-o-irmaozinho\/\">E quando chega o irm\u00e3ozinho<\/a><\/li><li class=\"elementor-sitemap-item elementor-sitemap-item-post page_item page-item-988555\"><a href=\"https:\/\/psicologakeila.com.br\/hp\/2025\/07\/15\/apoio-terapeutico-na-adolescencia\/\">Apoio Terap\u00eautico na Adolesc\u00eancia<\/a><\/li><li class=\"elementor-sitemap-item elementor-sitemap-item-post page_item page-item-204\"><a href=\"https:\/\/psicologakeila.com.br\/hp\/2023\/01\/12\/adolescencia-2\/\">Adolesc\u00eancia<\/a><\/li><li class=\"elementor-sitemap-item elementor-sitemap-item-post page_item page-item-988878\"><a href=\"https:\/\/psicologakeila.com.br\/hp\/2025\/07\/16\/como-funciona-a-terapia\/\">Como Funciona a terapia<\/a><\/li><li class=\"elementor-sitemap-item elementor-sitemap-item-post page_item page-item-988740\"><a href=\"https:\/\/psicologakeila.com.br\/hp\/2025\/07\/18\/principais-transtornos-de-ansiedade\/\">Principais transtornos de Ansiedade<\/a><\/li><li class=\"elementor-sitemap-item elementor-sitemap-item-post page_item page-item-988509\"><a href=\"https:\/\/psicologakeila.com.br\/hp\/2025\/07\/14\/tratamento-da-ansiedade-na-terapia-cognitivo-comportamental-tcc\/\">Tratamento da Ansiedade na Terapia Cognitivo- Comportamental (TCC)<\/a><\/li><li class=\"elementor-sitemap-item elementor-sitemap-item-post page_item page-item-988540\"><a href=\"https:\/\/psicologakeila.com.br\/hp\/2025\/07\/14\/tratamento-da-depressao-com-a-terapia-cognitivo-comportamental\/\">Tratamento da Depress\u00e3o com a Terapia Cognitivo-Comportamental<\/a><\/li><li class=\"elementor-sitemap-item elementor-sitemap-item-post page_item page-item-6342\"><a href=\"https:\/\/psicologakeila.com.br\/hp\/2024\/08\/13\/tricotilomania\/\">Tricotilomania<\/a><\/li><li class=\"elementor-sitemap-item elementor-sitemap-item-post page_item page-item-448\"><a href=\"https:\/\/psicologakeila.com.br\/hp\/2023\/01\/07\/divorcio\/\">Aspectos emocionais e psicol\u00f3gicos do div\u00f3rcio\u200b<\/a><\/li><li class=\"elementor-sitemap-item elementor-sitemap-item-post page_item page-item-427\"><a href=\"https:\/\/psicologakeila.com.br\/hp\/2025\/01\/07\/ansiedade\/\">Ansiedade<\/a><\/li><li class=\"elementor-sitemap-item elementor-sitemap-item-post page_item page-item-988564\"><a href=\"https:\/\/psicologakeila.com.br\/hp\/2025\/07\/15\/tratamento-do-transtorno-de-deficit-de-atencao-e-hiperatividade-tdah-na-abordagem-da-terapia-cognitivo-comportamental-tcc\/\">Tratamento do TDAH na abordagem TCC<\/a><\/li><li class=\"elementor-sitemap-item elementor-sitemap-item-post page_item page-item-6347\"><a href=\"https:\/\/psicologakeila.com.br\/hp\/2024\/08\/13\/transtorno-de-ansiedade-de-separacao\/\">Transtorno de Ansiedade de Separa\u00e7\u00e3o<\/a><\/li><li class=\"elementor-sitemap-item elementor-sitemap-item-post page_item page-item-1606\"><a href=\"https:\/\/psicologakeila.com.br\/hp\/2025\/04\/20\/psicoterapia-infantil\/\">Psicoterapia Infantil<\/a><\/li><li class=\"elementor-sitemap-item elementor-sitemap-item-post page_item page-item-988921\"><a href=\"https:\/\/psicologakeila.com.br\/hp\/2025\/07\/16\/principais-indicacoes-da-tcc\/\">Principais indica\u00e7\u00f5es da TCC<\/a><\/li><li class=\"elementor-sitemap-item elementor-sitemap-item-post page_item page-item-6101\"><a href=\"https:\/\/psicologakeila.com.br\/hp\/2023\/08\/25\/terror-noturno\/\">Terror noturno<\/a><\/li><li class=\"elementor-sitemap-item elementor-sitemap-item-post page_item page-item-6262\"><a href=\"https:\/\/psicologakeila.com.br\/hp\/2023\/10\/01\/tdah\/\">TDAH<\/a><\/li><\/ul><\/div><\/div>\t\t\t\t<\/div>\n\t\t\t\t<\/div>\n\t\t\t\t\t<\/div>\n\t\t<\/div>\n\t\t\t\t\t<\/div>\n\t\t<\/section>\n\t\t\t\t<\/div>\n\t\t","protected":false},"excerpt":{"rendered":"<p>Salute + 1 541-754-3010 Sitemap Request Appointment > + 1 541-754-3010<\/p>\n","protected":false},"author":1,"featured_media":0,"parent":0,"menu_order":0,"comment_status":"closed","ping_status":"closed","template":"","meta":{"footnotes":""},"class_list":["post-1494","page","type-page","status-publish","hentry"],"yoast_head":"<!-- This site is optimized with the Yoast SEO Premium plugin v22.8 (Yoast SEO v25.2) - https:\/\/yoast.com\/wordpress\/plugins\/seo\/ -->\n<title>Sitemap | PSIC\u00d3LOGA KEILA<\/title>\n<meta name=\"description\" content=\"Salute   + 1 541-754-3010   Sitemap       Request Appointment &gt;     + 1 541-754-3010\" \/>\n<meta name=\"robots\" content=\"index, follow, max-snippet:-1, max-image-preview:large, max-video-preview:-1\" \/>\n<link rel=\"canonical\" href=\"https:\/\/psicologakeila.com.br\/hp\/sitemap\/\" \/>\n<meta property=\"og:locale\" content=\"pt_BR\" \/>\n<meta property=\"og:type\" content=\"article\" \/>\n<meta property=\"og:title\" content=\"Sitemap\" \/>\n<meta property=\"og:description\" content=\"Salute   + 1 541-754-3010   Sitemap       Request Appointment &gt;     + 1 541-754-3010\" \/>\n<meta property=\"og:url\" content=\"https:\/\/psicologakeila.com.br\/hp\/sitemap\/\" \/>\n<meta property=\"og:site_name\" content=\"PSIC\u00d3LOGA KEILA\" \/>\n<meta property=\"article:publisher\" content=\"https:\/\/www.facebook.com\/ppsicologakeila\/\" \/>\n<meta name=\"twitter:card\" content=\"summary_large_image\" \/>\n<script type=\"application\/ld+json\" class=\"yoast-schema-graph\">{\"@context\":\"https:\/\/schema.org\",\"@graph\":[{\"@type\":\"WebPage\",\"@id\":\"https:\/\/psicologakeila.com.br\/hp\/sitemap\/\",\"url\":\"https:\/\/psicologakeila.com.br\/hp\/sitemap\/\",\"name\":\"Sitemap | PSIC\u00d3LOGA KEILA\",\"isPartOf\":{\"@id\":\"https:\/\/psicologakeila.com.br\/hp\/#website\"},\"datePublished\":\"2020-03-26T19:27:09+00:00\",\"description\":\"Salute + 1 541-754-3010 Sitemap Request Appointment > + 1 541-754-3010\",\"breadcrumb\":{\"@id\":\"https:\/\/psicologakeila.com.br\/hp\/sitemap\/#breadcrumb\"},\"inLanguage\":\"pt-BR\",\"potentialAction\":[{\"@type\":\"ReadAction\",\"target\":[\"https:\/\/psicologakeila.com.br\/hp\/sitemap\/\"]}]},{\"@type\":\"BreadcrumbList\",\"@id\":\"https:\/\/psicologakeila.com.br\/hp\/sitemap\/#breadcrumb\",\"itemListElement\":[{\"@type\":\"ListItem\",\"position\":1,\"name\":\"In\u00edcio\",\"item\":\"https:\/\/psicologakeila.com.br\/hp\/\"},{\"@type\":\"ListItem\",\"position\":2,\"name\":\"Sitemap\"}]},{\"@type\":\"WebSite\",\"@id\":\"https:\/\/psicologakeila.com.br\/hp\/#website\",\"url\":\"https:\/\/psicologakeila.com.br\/hp\/\",\"name\":\"Psic\u00f3loga Keila\",\"description\":\"Psicologia em S\u00e3o Jos\u00e9 dos Campos e Regi\u00e3o\",\"publisher\":{\"@id\":\"https:\/\/psicologakeila.com.br\/hp\/#organization\"},\"potentialAction\":[{\"@type\":\"SearchAction\",\"target\":{\"@type\":\"EntryPoint\",\"urlTemplate\":\"https:\/\/psicologakeila.com.br\/hp\/?s={search_term_string}\"},\"query-input\":{\"@type\":\"PropertyValueSpecification\",\"valueRequired\":true,\"valueName\":\"search_term_string\"}}],\"inLanguage\":\"pt-BR\"},{\"@type\":\"Organization\",\"@id\":\"https:\/\/psicologakeila.com.br\/hp\/#organization\",\"name\":\"PSIC\u00d3LOGA KEILA\",\"url\":\"https:\/\/psicologakeila.com.br\/hp\/\",\"logo\":{\"@type\":\"ImageObject\",\"inLanguage\":\"pt-BR\",\"@id\":\"https:\/\/psicologakeila.com.br\/hp\/#\/schema\/logo\/image\/\",\"url\":\"https:\/\/psicologakeila.com.br\/hp\/wp-content\/uploads\/2013\/05\/cropped-logo_rev1_23061.png\",\"contentUrl\":\"https:\/\/psicologakeila.com.br\/hp\/wp-content\/uploads\/2013\/05\/cropped-logo_rev1_23061.png\",\"width\":301,\"height\":80,\"caption\":\"PSIC\u00d3LOGA KEILA\"},\"image\":{\"@id\":\"https:\/\/psicologakeila.com.br\/hp\/#\/schema\/logo\/image\/\"},\"sameAs\":[\"https:\/\/www.facebook.com\/ppsicologakeila\/\",\"https:\/\/www.instagram.com\/psicologakeila\/\"]}]}<\/script>\n<!-- \/ Yoast SEO Premium plugin. -->","yoast_head_json":{"title":"Sitemap | PSIC\u00d3LOGA KEILA","description":"Salute   + 1 541-754-3010   Sitemap       Request Appointment >     + 1 541-754-3010","robots":{"index":"index","follow":"follow","max-snippet":"max-snippet:-1","max-image-preview":"max-image-preview:large","max-video-preview":"max-video-preview:-1"},"canonical":"https:\/\/psicologakeila.com.br\/hp\/sitemap\/","og_locale":"pt_BR","og_type":"article","og_title":"Sitemap","og_description":"Salute   + 1 541-754-3010   Sitemap       Request Appointment >     + 1 541-754-3010","og_url":"https:\/\/psicologakeila.com.br\/hp\/sitemap\/","og_site_name":"PSIC\u00d3LOGA KEILA","article_publisher":"https:\/\/www.facebook.com\/ppsicologakeila\/","twitter_card":"summary_large_image","schema":{"@context":"https:\/\/schema.org","@graph":[{"@type":"WebPage","@id":"https:\/\/psicologakeila.com.br\/hp\/sitemap\/","url":"https:\/\/psicologakeila.com.br\/hp\/sitemap\/","name":"Sitemap | PSIC\u00d3LOGA KEILA","isPartOf":{"@id":"https:\/\/psicologakeila.com.br\/hp\/#website"},"datePublished":"2020-03-26T19:27:09+00:00","description":"Salute + 1 541-754-3010 Sitemap Request Appointment > + 1 541-754-3010","breadcrumb":{"@id":"https:\/\/psicologakeila.com.br\/hp\/sitemap\/#breadcrumb"},"inLanguage":"pt-BR","potentialAction":[{"@type":"ReadAction","target":["https:\/\/psicologakeila.com.br\/hp\/sitemap\/"]}]},{"@type":"BreadcrumbList","@id":"https:\/\/psicologakeila.com.br\/hp\/sitemap\/#breadcrumb","itemListElement":[{"@type":"ListItem","position":1,"name":"In\u00edcio","item":"https:\/\/psicologakeila.com.br\/hp\/"},{"@type":"ListItem","position":2,"name":"Sitemap"}]},{"@type":"WebSite","@id":"https:\/\/psicologakeila.com.br\/hp\/#website","url":"https:\/\/psicologakeila.com.br\/hp\/","name":"Psic\u00f3loga Keila","description":"Psicologia em S\u00e3o Jos\u00e9 dos Campos e Regi\u00e3o","publisher":{"@id":"https:\/\/psicologakeila.com.br\/hp\/#organization"},"potentialAction":[{"@type":"SearchAction","target":{"@type":"EntryPoint","urlTemplate":"https:\/\/psicologakeila.com.br\/hp\/?s={search_term_string}"},"query-input":{"@type":"PropertyValueSpecification","valueRequired":true,"valueName":"search_term_string"}}],"inLanguage":"pt-BR"},{"@type":"Organization","@id":"https:\/\/psicologakeila.com.br\/hp\/#organization","name":"PSIC\u00d3LOGA KEILA","url":"https:\/\/psicologakeila.com.br\/hp\/","logo":{"@type":"ImageObject","inLanguage":"pt-BR","@id":"https:\/\/psicologakeila.com.br\/hp\/#\/schema\/logo\/image\/","url":"https:\/\/psicologakeila.com.br\/hp\/wp-content\/uploads\/2013\/05\/cropped-logo_rev1_23061.png","contentUrl":"https:\/\/psicologakeila.com.br\/hp\/wp-content\/uploads\/2013\/05\/cropped-logo_rev1_23061.png","width":301,"height":80,"caption":"PSIC\u00d3LOGA KEILA"},"image":{"@id":"https:\/\/psicologakeila.com.br\/hp\/#\/schema\/logo\/image\/"},"sameAs":["https:\/\/www.facebook.com\/ppsicologakeila\/","https:\/\/www.instagram.com\/psicologakeila\/"]}]}},"_links":{"self":[{"href":"https:\/\/psicologakeila.com.br\/hp\/wp-json\/wp\/v2\/pages\/1494","targetHints":{"allow":["GET"]}}],"collection":[{"href":"https:\/\/psicologakeila.com.br\/hp\/wp-json\/wp\/v2\/pages"}],"about":[{"href":"https:\/\/psicologakeila.com.br\/hp\/wp-json\/wp\/v2\/types\/page"}],"author":[{"embeddable":true,"href":"https:\/\/psicologakeila.com.br\/hp\/wp-json\/wp\/v2\/users\/1"}],"replies":[{"embeddable":true,"href":"https:\/\/psicologakeila.com.br\/hp\/wp-json\/wp\/v2\/comments?post=1494"}],"version-history":[{"count":0,"href":"https:\/\/psicologakeila.com.br\/hp\/wp-json\/wp\/v2\/pages\/1494\/revisions"}],"wp:attachment":[{"href":"https:\/\/psicologakeila.com.br\/hp\/wp-json\/wp\/v2\/media?parent=1494"}],"curies":[{"name":"wp","href":"https:\/\/api.w.org\/{rel}","templated":true}]}}